{"id":101,"date":"2025-04-16T12:48:29","date_gmt":"2025-04-16T10:48:29","guid":{"rendered":"https:\/\/cevp.vse.cz\/english\/?page_id=101"},"modified":"2025-07-16T11:10:08","modified_gmt":"2025-07-16T09:10:08","slug":"hana-cerna-silovska","status":"publish","type":"page","link":"https:\/\/cevp.vse.cz\/english\/hana-cerna-silovska\/","title":{"rendered":"Ing. Hana \u010cern\u00e1 Silovsk\u00e1, Ph.D."},"content":{"rendered":"","protected":false},"excerpt":{"rendered":"","protected":false},"author":12,"featured_media":0,"parent":0,"menu_order":0,"comment_status":"closed","ping_status":"closed","template":"page-with-columns.php","meta":{"_acf_changed":false,"footnotes":""},"class_list":["post-101","page","type-page","status-publish","hentry"],"acf":{"hide_h1":"0","hide_footer":"0","main_column_content":"<span style=\"color: #00ccff\"><strong data-start=\"0\" data-end=\"22\">Brief Introduction<\/strong><\/span>\r\n\r\n[banner 102]\r\n\r\n<article class=\"text-token-text-primary w-full\" dir=\"auto\" data-testid=\"conversation-turn-78\" data-scroll-anchor=\"true\">\r\n<div class=\"text-base my-auto mx-auto py-5 [--thread-content-margin:--spacing(4)] @[37rem]:[--thread-content-margin:--spacing(6)] @[70rem]:[--thread-content-margin:--spacing(12)] px-(--thread-content-margin)\">\r\n<div class=\"[--thread-content-max-width:32rem] @[34rem]:[--thread-content-max-width:40rem] @[64rem]:[--thread-content-max-width:48rem] mx-auto flex max-w-(--thread-content-max-width) flex-1 text-base gap-4 md:gap-5 lg:gap-6 group\/turn-messages focus-visible:outline-hidden\">\r\n<div class=\"group\/conversation-turn relative flex w-full min-w-0 flex-col agent-turn\">\r\n<div class=\"relative flex-col gap-1 md:gap-3\">\r\n<div class=\"flex max-w-full flex-col grow\">\r\n<div class=\"min-h-8 text-message relative flex w-full flex-col items-end gap-2 text-start break-words whitespace-normal [.text-message+&amp;]:mt-5\" dir=\"auto\" data-message-author-role=\"assistant\" data-message-id=\"86f3adcb-5876-4348-9557-439724ca0f1b\" data-message-model-slug=\"gpt-4o\">\r\n<div class=\"flex w-full flex-col gap-1 empty:hidden first:pt-[3px]\">\r\n<div class=\"markdown prose dark:prose-invert w-full break-words dark\">\r\n<p class=\"\" data-start=\"0\" data-end=\"363\">As part of her teaching activities, she also works at the Central European Management Institute (CEMI MBA Studies s.r.o.) as a Senior Lecturer. In the past, she held a similar position at the international educational institution InterActive Pro. Beyond academia, she has professional experience in the private IT sector, where she worked as a business manager.<\/p>\r\n<p class=\"\" data-start=\"365\" data-end=\"685\">Hana \u010cern\u00e1 Silovsk\u00e1 has many years of experience in both teaching and research. She has led or contributed to numerous projects focused on education, development, international cooperation, and regional economics and development (GA\u010cR, IGS V\u0160E, ESF EU, RegPol2, and CRP13+). In 2015, she received the Josef Hl\u00e1vka Award.<\/p>\r\n\r\n<\/div>\r\n<\/div>\r\n<\/div>\r\n<\/div>\r\n<\/div>\r\n<\/div>\r\n<\/div>\r\n<\/div>\r\n<\/article>\r\n\r\n<hr \/>\r\n\r\n<h4><span style=\"color: #00ccff\">List of Selected Articles and Publications<\/span><\/h4>\r\n<table class=\"table\" style=\"height: 425px;width: 100%;border-collapse: collapse\">\r\n<tbody>\r\n<tr style=\"height: 230px\">\r\n<td style=\"width: 16.6667%;height: 213px;border-style: none\"><a href=\"https:\/\/cevp.vse.cz\/ing-hana-cerna-silovska-ph-d\/publikace-hana-cerna-silovska\/\"><img class=\"size-full wp-image-1084 aligncenter\" src=\"https:\/\/cevp.vse.cz\/wp-content\/uploads\/24.png\" alt=\"\" width=\"216\" height=\"300\" \/><\/a><\/td>\r\n<td style=\"width: 16.6667%;height: 213px;border-style: none\"><a href=\"https:\/\/cevp.vse.cz\/ing-hana-cerna-silovska-ph-d\/publikace-hana-cerna-silovska\/\"><img class=\"size-full wp-image-1070 aligncenter\" src=\"https:\/\/cevp.vse.cz\/wp-content\/uploads\/10.png\" alt=\"\" width=\"216\" height=\"300\" \/><\/a><\/td>\r\n<td style=\"width: 16.6667%;height: 213px;border-style: none\"><a href=\"https:\/\/cevp.vse.cz\/ing-hana-cerna-silovska-ph-d\/publikace-hana-cerna-silovska\/\"><img class=\"size-full wp-image-1065 aligncenter\" src=\"https:\/\/cevp.vse.cz\/wp-content\/uploads\/5.png\" alt=\"\" width=\"216\" height=\"300\" \/><\/a><\/td>\r\n<td style=\"width: 16.6667%;height: 213px;border-style: none\"><a href=\"https:\/\/cevp.vse.cz\/ing-hana-cerna-silovska-ph-d\/publikace-hana-cerna-silovska\/\"><img class=\"size-full wp-image-1085 aligncenter\" src=\"https:\/\/cevp.vse.cz\/wp-content\/uploads\/25.png\" alt=\"\" width=\"216\" height=\"300\" \/><\/a><\/td>\r\n<td style=\"width: 16.6667%;height: 213px;border-style: none\"><a href=\"https:\/\/cevp.vse.cz\/ing-hana-cerna-silovska-ph-d\/publikace-hana-cerna-silovska\/\"><img class=\"size-full wp-image-1086 aligncenter\" src=\"https:\/\/cevp.vse.cz\/wp-content\/uploads\/26.png\" alt=\"\" width=\"216\" height=\"300\" \/><\/a><\/td>\r\n<td style=\"width: 16.6667%;height: 213px;border-style: none\"><a href=\"https:\/\/cevp.vse.cz\/ing-hana-cerna-silovska-ph-d\/publikace-hana-cerna-silovska\/\"><img class=\"size-full wp-image-1087 aligncenter\" src=\"https:\/\/cevp.vse.cz\/wp-content\/uploads\/27-1.png\" alt=\"\" width=\"216\" height=\"300\" \/><\/a><\/td>\r\n<\/tr>\r\n<tr style=\"height: 212px\">\r\n<td style=\"width: 16.6667%;text-align: center;height: 212px;border-style: none\"><span style=\"color: #5cc4f4\"><sub><strong><a style=\"color: #5cc4f4\" href=\"https:\/\/cevp.vse.cz\/ing-hana-cerna-silovska-ph-d\/publikace-hana-cerna-silovska\/\">Traditional and alternative methods of tourist event evaluation: case study of the Czech Republic<\/a><\/strong><\/sub><\/span><\/td>\r\n<td style=\"width: 16.6667%;text-align: center;height: 212px;border-style: none\"><span style=\"color: #5cc4f4\"><sub><strong><a style=\"color: #5cc4f4\" href=\"https:\/\/cevp.vse.cz\/ing-hana-cerna-silovska-ph-d\/publikace-hana-cerna-silovska\/\">Observation and assessment of local economic development with regard to the application of the local multiplier<\/a><\/strong><\/sub><\/span><\/td>\r\n<td style=\"width: 16.6667%;text-align: center;height: 212px;border-style: none\"><span style=\"color: #5cc4f4\"><sub><strong><a style=\"color: #5cc4f4\" href=\"https:\/\/cevp.vse.cz\/ing-hana-cerna-silovska-ph-d\/publikace-hana-cerna-silovska\/\">Selection of quantitative and qualitative methods for comprehensive evaluation of PPP projects focusing on the Czech Republic<\/a><\/strong><\/sub><\/span><\/td>\r\n<td style=\"width: 16.6667%;text-align: center;height: 212px;border-style: none\"><span style=\"color: #5cc4f4\"><sub><strong><a style=\"color: #5cc4f4\" href=\"https:\/\/cevp.vse.cz\/ing-hana-cerna-silovska-ph-d\/publikace-hana-cerna-silovska\/\">The Potential of Private Social Services for Senior Citizens in the Prague Region<\/a><\/strong><\/sub><\/span><\/td>\r\n<td style=\"width: 16.6667%;text-align: center;height: 212px;border-style: none\"><span style=\"color: #5cc4f4\"><sub><strong><a style=\"color: #5cc4f4\" href=\"https:\/\/cevp.vse.cz\/ing-hana-cerna-silovska-ph-d\/publikace-hana-cerna-silovska\/\">Region\u00e1ln\u00ed multiplika\u010dn\u00ed efekt jako indik\u00e1tor lok\u00e1ln\u00edho rozvoje<\/a><\/strong><\/sub><\/span><\/td>\r\n<td style=\"width: 16.6667%;text-align: center;height: 212px;border-style: none\"><span style=\"color: #5cc4f4\"><sub><strong><a style=\"color: #5cc4f4\" href=\"https:\/\/cevp.vse.cz\/ing-hana-cerna-silovska-ph-d\/publikace-hana-cerna-silovska\/\">Evaluation of Selected Municipal Revenue for Use in Further Development of Municipal property<\/a><\/strong><\/sub><\/span><\/td>\r\n<\/tr>\r\n<\/tbody>\r\n<\/table>\r\n\r\n<hr \/>\r\n\r\n<h4><span style=\"color: #00ccff\">Contract Research<\/span><\/h4>\r\n<ul>\r\n \t<li><span style=\"color: #000000\"><strong data-start=\"0\" data-end=\"219\" data-is-last-node=\"\" data-is-only-node=\"\">Analysis and research on the implementation to date of the activities and objectives set out in the strategic documents of the Ministry of Industry and Trade within the supported Enterprise Europe Network consortium<\/strong><\/span>\r\n<ul>\r\n \t<li><span style=\"color: #000000\">SILOVSK\u00c1, Hana, BEDN\u00c1\u0158, Milan, ZUB\u00cdKOV\u00c1, Ad\u00e9la, \u0160EV\u010c\u00cdK, Miroslav.\u00a0<em>Anal\u00fdza a v\u00fdzkum k dosavadn\u00edmu pln\u011bn\u00ed aktivit a c\u00edl\u016f strategick\u00fdch dokument\u016f Ministerstva pr\u016fmyslu a obchodu v podporovan\u00e9m konsorciu Enterprise Europe Network.<\/em>\u00a0V\u00fdzkumn\u00e1 zpr\u00e1va pro \u00fa\u010dely ve\u0159ejn\u00e9 spr\u00e1vy (smluvn\u00ed v\u00fdzkum pro MPO, 2024).<\/span><\/li>\r\n<\/ul>\r\n<\/li>\r\n<\/ul>\r\n\r\n<hr \/>\r\n<p style=\"text-align: center\">For more information, please visit <a href=\"https:\/\/cevp.vse.cz\/ing-hana-cerna-silovska-ph-d\/\">this webpage<\/a>.<\/p>\r\n<p style=\"text-align: center\"><\/p>","right_column_content":"<h6><span style=\"color: #5cc4f4\">Contact Information<\/span><\/h6>\r\n<p style=\"text-align: center\"><a href=\"mailto:hana.silovska@vse.cz\"><span style=\"font-size: 13.3333px\">hana.silovska@vse.cz<\/span><\/a>\r\n<a href=\"mailto:hana.silovska@vse.cz\"><img class=\"aligncenter\" src=\"https:\/\/cdn.pixabay.com\/photo\/2016\/06\/13\/17\/30\/mail-1454731_640.png\" alt=\"\" width=\"40\" height=\"40\" \/><\/a><\/p>\r\n\r\n\r\n<hr \/>\r\n\r\n<h6 data-start=\"0\" data-end=\"24\"><span style=\"color: #00ccff\"><strong data-start=\"0\" data-end=\"22\">Areas of Expertise<\/strong><\/span><\/h6>\r\n<ul data-start=\"25\" data-end=\"155\">\r\n \t<li class=\"\" data-start=\"25\" data-end=\"63\">\r\n<p class=\"\" data-start=\"27\" data-end=\"63\">Regional Economics and Development<\/p>\r\n<\/li>\r\n \t<li class=\"\" data-start=\"64\" data-end=\"92\">\r\n<p class=\"\" data-start=\"66\" data-end=\"92\">Local Government Finance<\/p>\r\n<\/li>\r\n \t<li class=\"\" data-start=\"93\" data-end=\"155\">\r\n<p class=\"\" data-start=\"95\" data-end=\"155\">Strategic Planning for Cities, Municipalities, and Regions<\/p>\r\n<\/li>\r\n<\/ul>\r\n\r\n<hr \/>\r\n\r\n<h6 data-start=\"157\" data-end=\"172\"><span style=\"color: #00ccff\"><strong data-start=\"157\" data-end=\"170\">Education<\/strong><\/span><\/h6>\r\n<ul data-start=\"173\" data-end=\"417\">\r\n \t<li class=\"\" data-start=\"173\" data-end=\"295\">\r\n<p class=\"\" data-start=\"175\" data-end=\"295\">Ph.D. in Regional Studies and Public Administration, Faculty of Economics, Prague University of Economics and Business<\/p>\r\n<\/li>\r\n \t<li class=\"\" data-start=\"296\" data-end=\"417\">\r\n<p class=\"\" data-start=\"298\" data-end=\"417\">Ing. in Regional Studies and Public Administration, Faculty of Economics, Prague University of Economics and Business<\/p>\r\n<\/li>\r\n<\/ul>\r\n\r\n<hr \/>\r\n\r\n<h6 data-start=\"419\" data-end=\"433\"><span style=\"color: #00ccff\"><strong data-start=\"419\" data-end=\"431\">Teaching<\/strong><\/span><\/h6>\r\n<ul data-start=\"434\" data-end=\"646\" data-is-last-node=\"\" data-is-only-node=\"\">\r\n \t<li class=\"\" data-start=\"434\" data-end=\"452\">\r\n<p class=\"\" data-start=\"436\" data-end=\"452\">Public Finance<\/p>\r\n<\/li>\r\n \t<li class=\"\" data-start=\"453\" data-end=\"511\">\r\n<p class=\"\" data-start=\"455\" data-end=\"511\">Finance of Public Administration and the Public Sector<\/p>\r\n<\/li>\r\n \t<li class=\"\" data-start=\"512\" data-end=\"560\">\r\n<p class=\"\" data-start=\"514\" data-end=\"560\">Information Systems in Public Administration<\/p>\r\n<\/li>\r\n \t<li class=\"\" data-start=\"561\" data-end=\"582\">\r\n<p class=\"\" data-start=\"563\" data-end=\"582\">Regional Analysis<\/p>\r\n<\/li>\r\n \t<li class=\"\" data-start=\"583\" data-end=\"611\">\r\n<p class=\"\" data-start=\"585\" data-end=\"611\">Socio-Economic Geography<\/p>\r\n<\/li>\r\n \t<li class=\"\" data-start=\"612\" data-end=\"646\">\r\n<p class=\"\" data-start=\"614\" data-end=\"646\">Introduction to Regional Studies<\/p>\r\n<\/li>\r\n<\/ul>\r\n<p style=\"text-align: center\"><\/p>","right_column_order":"3"},"_links":{"self":[{"href":"https:\/\/cevp.vse.cz\/english\/wp-json\/wp\/v2\/pages\/101"}],"collection":[{"href":"https:\/\/cevp.vse.cz\/english\/wp-json\/wp\/v2\/pages"}],"about":[{"href":"https:\/\/cevp.vse.cz\/english\/wp-json\/wp\/v2\/types\/page"}],"author":[{"embeddable":true,"href":"https:\/\/cevp.vse.cz\/english\/wp-json\/wp\/v2\/users\/12"}],"replies":[{"embeddable":true,"href":"https:\/\/cevp.vse.cz\/english\/wp-json\/wp\/v2\/comments?post=101"}],"version-history":[{"count":4,"href":"https:\/\/cevp.vse.cz\/english\/wp-json\/wp\/v2\/pages\/101\/revisions"}],"predecessor-version":[{"id":257,"href":"https:\/\/cevp.vse.cz\/english\/wp-json\/wp\/v2\/pages\/101\/revisions\/257"}],"wp:attachment":[{"href":"https:\/\/cevp.vse.cz\/english\/wp-json\/wp\/v2\/media?parent=101"}],"curies":[{"name":"wp","href":"https:\/\/api.w.org\/{rel}","templated":true}]}}